{"id":5386,"date":"2022-01-10T16:33:45","date_gmt":"2022-01-10T15:33:45","guid":{"rendered":"https:\/\/www.lezards-buissonniers.fr\/BDU\/?page_id=5386"},"modified":"2023-07-05T19:14:35","modified_gmt":"2023-07-05T17:14:35","slug":"cahiers-buissonniers","status":"publish","type":"page","link":"https:\/\/www.lezards-buissonniers.fr\/BDU\/nos-publications\/cahiers-buissonniers\/","title":{"rendered":"Cahiers Buissonniers"},"content":{"rendered":"<p><span style=\"font-size: 12pt;\"><strong>\u00ab Les Cahiers Buissonniers \u00bb<\/strong> est une petite \u00e9dition cr\u00e9e par Pascale Joannard, animatrice de l\u2019atelier. Elle met en lumi\u00e8re les productions les plus int\u00e9ressants r\u00e9alis\u00e9es \u00e0 l\u2019atelier et d\u2019en garder une trace. \u00ab Les cahiers Buissonniers \u00bb sont con\u00e7us pour \u00eatre lus \u00e0 quatre mains, conjointement, parents et enfants. Les cr\u00e9ations peuvent \u00eatre facilement r\u00e9alis\u00e9es \u00e0 la maison, avec peu de mat\u00e9riel. Les th\u00e8mes abord\u00e9s : Le carton et la ficelle, ou l\u2019ab\u00e9c\u00e9daire, font la part belle aux mat\u00e9riaux et objets du quotidien, comme source de cr\u00e9ation. <\/span><\/p>\n<h3><strong><span style=\"font-size: 12pt;\">Nous avons souhait\u00e9 cette \u00e9dition l\u00e9g\u00e8re aussi bien par le format (facile \u00e0 emporter dans sa poche) que par le ton, m\u00eame si elle a l\u2019ambition d\u2019aider \u00e0 changer notre regard sur ce qui nous entoure et d\u2019\u00e9veiller la cr\u00e9ativit\u00e9 des enfants.<\/span><\/strong><\/h3>\n<p style=\"text-align: center;\"><span style=\"font-size: 14pt;\">Vous pouvez <strong>commander et payer en ligne les cahiers buissonniers via helloasso en cliquant <\/strong><a href=\"https:\/\/www.helloasso.com\/associations\/ateliers-lezards-buissonniers\/boutiques\/cahiers-buissonniers\" target=\"_blank\" rel=\"noopener\">ICI<\/a><\/span><\/p>\n<p><em>Les Cahiers Buissonniers sont \u00e9galement disponibles \u00e0 l&rsquo;atelier aux heures d&rsquo;ouvertures. Pr\u00e9voyez alors un r\u00e8glement par ch\u00e8que.<\/em><\/p>\n<table style=\"border-collapse: collapse; width: 100%;\">\n<tbody>\n<tr>\n<td style=\"width: 50%; text-align: center; vertical-align: top;\"><img loading=\"lazy\" decoding=\"async\" class=\"alignnone wp-image-3628 size-large\" src=\"https:\/\/www.lezards-buissonniers.fr\/BDU\/wp-content\/uploads\/2021\/12\/CAHIERS-BUISSONNIERS-1-COUVERTURE-1024x528.jpg\" alt=\"\" width=\"1024\" height=\"528\" srcset=\"https:\/\/www.lezards-buissonniers.fr\/BDU\/wp-content\/uploads\/2021\/12\/CAHIERS-BUISSONNIERS-1-COUVERTURE-1024x528.jpg 1024w, https:\/\/www.lezards-buissonniers.fr\/BDU\/wp-content\/uploads\/2021\/12\/CAHIERS-BUISSONNIERS-1-COUVERTURE-300x155.jpg 300w, https:\/\/www.lezards-buissonniers.fr\/BDU\/wp-content\/uploads\/2021\/12\/CAHIERS-BUISSONNIERS-1-COUVERTURE-768x396.jpg 768w, https:\/\/www.lezards-buissonniers.fr\/BDU\/wp-content\/uploads\/2021\/12\/CAHIERS-BUISSONNIERS-1-COUVERTURE-1536x792.jpg 1536w, https:\/\/www.lezards-buissonniers.fr\/BDU\/wp-content\/uploads\/2021\/12\/CAHIERS-BUISSONNIERS-1-COUVERTURE-2048x1055.jpg 2048w, https:\/\/www.lezards-buissonniers.fr\/BDU\/wp-content\/uploads\/2021\/12\/CAHIERS-BUISSONNIERS-1-COUVERTURE-1920x989.jpg 1920w\" sizes=\"auto, (max-width: 1024px) 100vw, 1024px\" \/><\/td>\n<td style=\"width: 50%; text-align: center; vertical-align: bottom;\">\n<h3 style=\"text-align: left;\">Le \u00ab Cahier Buissonnier n\u00b01 \u00bb met l\u2019accent sur le carton et la ficelle, mat\u00e9riaux que l\u2019on trouve partout et utilis\u00e9s par de nombreux artistes comme Picasso ou Marcel Janco.<\/h3>\n<\/td>\n<\/tr>\n<tr>\n<td style=\"width: 50%; text-align: center; vertical-align: top;\"><img loading=\"lazy\" decoding=\"async\" class=\"alignnone size-medium wp-image-443\" src=\"https:\/\/www.lezards-buissonniers.fr\/BDU\/wp-content\/uploads\/2021\/10\/cahier-buissonnier-2-300x300.jpg\" alt=\"\" width=\"300\" height=\"300\" srcset=\"https:\/\/www.lezards-buissonniers.fr\/BDU\/wp-content\/uploads\/2021\/10\/cahier-buissonnier-2-300x300.jpg 300w, https:\/\/www.lezards-buissonniers.fr\/BDU\/wp-content\/uploads\/2021\/10\/cahier-buissonnier-2.jpg 1024w, https:\/\/www.lezards-buissonniers.fr\/BDU\/wp-content\/uploads\/2021\/10\/cahier-buissonnier-2-150x150.jpg 150w, https:\/\/www.lezards-buissonniers.fr\/BDU\/wp-content\/uploads\/2021\/10\/cahier-buissonnier-2-768x768.jpg 768w\" sizes=\"auto, (max-width: 300px) 100vw, 300px\" \/><\/td>\n<td style=\"width: 50%; text-align: center; vertical-align: bottom;\">\n<h3 style=\"text-align: left;\">Le \u00ab Cahier n\u00b02 \u00bb&nbsp;est un ab\u00e9c\u00e9daire tourn\u00e9 vers les \u00ab petites choses \u00bb qui nous entourent et que nous ne remarquons pas toujours, source d\u2019inspiration pour adultes et enfants.<\/h3>\n<\/td>\n<\/tr>\n<tr>\n<td style=\"width: 50%;\"><img loading=\"lazy\" decoding=\"async\" class=\" wp-image-3626 aligncenter\" src=\"https:\/\/www.lezards-buissonniers.fr\/BDU\/wp-content\/uploads\/2021\/12\/Couvertureavant3-300x300.jpg\" alt=\"\" width=\"300\" height=\"300\" srcset=\"https:\/\/www.lezards-buissonniers.fr\/BDU\/wp-content\/uploads\/2021\/12\/Couvertureavant3-300x300.jpg 300w, https:\/\/www.lezards-buissonniers.fr\/BDU\/wp-content\/uploads\/2021\/12\/Couvertureavant3-1024x1024.jpg 1024w, https:\/\/www.lezards-buissonniers.fr\/BDU\/wp-content\/uploads\/2021\/12\/Couvertureavant3-150x150.jpg 150w, https:\/\/www.lezards-buissonniers.fr\/BDU\/wp-content\/uploads\/2021\/12\/Couvertureavant3-768x768.jpg 768w, https:\/\/www.lezards-buissonniers.fr\/BDU\/wp-content\/uploads\/2021\/12\/Couvertureavant3-1536x1536.jpg 1536w, https:\/\/www.lezards-buissonniers.fr\/BDU\/wp-content\/uploads\/2021\/12\/Couvertureavant3-2048x2048.jpg 2048w, https:\/\/www.lezards-buissonniers.fr\/BDU\/wp-content\/uploads\/2021\/12\/Couvertureavant3-1080x1080.jpg 1080w\" sizes=\"auto, (max-width: 300px) 100vw, 300px\" \/><\/td>\n<td style=\"width: 50%; text-align: center; vertical-align: bottom;\">\n<h3 style=\"text-align: left;\">Le \u00ab Cahier n\u00b03 \u00bb pr\u00e9sente plusieurs ateliers et 11 points de vue d\u00e9j\u00e0 exp\u00e9riment\u00e9s en atelier et facilement r\u00e9alisable \u00e0 la maison.<\/h3>\n<\/td>\n<\/tr>\n<tr>\n<td style=\"width: 50%;\"><img loading=\"lazy\" decoding=\"async\" class=\"aligncenter wp-image-5701\" src=\"https:\/\/www.lezards-buissonniers.fr\/BDU\/wp-content\/uploads\/2022\/03\/cahiers_buissonniers_4.jpg\" alt=\"\" width=\"300\" height=\"300\" srcset=\"https:\/\/www.lezards-buissonniers.fr\/BDU\/wp-content\/uploads\/2022\/03\/cahiers_buissonniers_4.jpg 2362w, https:\/\/www.lezards-buissonniers.fr\/BDU\/wp-content\/uploads\/2022\/03\/cahiers_buissonniers_4-300x300.jpg 300w, https:\/\/www.lezards-buissonniers.fr\/BDU\/wp-content\/uploads\/2022\/03\/cahiers_buissonniers_4-1024x1024.jpg 1024w, https:\/\/www.lezards-buissonniers.fr\/BDU\/wp-content\/uploads\/2022\/03\/cahiers_buissonniers_4-150x150.jpg 150w, https:\/\/www.lezards-buissonniers.fr\/BDU\/wp-content\/uploads\/2022\/03\/cahiers_buissonniers_4-768x768.jpg 768w, https:\/\/www.lezards-buissonniers.fr\/BDU\/wp-content\/uploads\/2022\/03\/cahiers_buissonniers_4-1536x1536.jpg 1536w, https:\/\/www.lezards-buissonniers.fr\/BDU\/wp-content\/uploads\/2022\/03\/cahiers_buissonniers_4-2048x2048.jpg 2048w, https:\/\/www.lezards-buissonniers.fr\/BDU\/wp-content\/uploads\/2022\/03\/cahiers_buissonniers_4-1080x1080.jpg 1080w\" sizes=\"auto, (max-width: 300px) 100vw, 300px\" \/><\/td>\n<td style=\"width: 50%; text-align: center; vertical-align: bottom;\">\n<h3 style=\"text-align: left;\">Le \u00ab Cahier n\u00b04 \u00bb a pour th\u00e8me les assemblages. Cr\u00e9ation de cartes postales, cyanotypes, maquettes avec du bois de l&rsquo;argile des v\u00eatements et des objets chin\u00e9s dans des greniers. Entre autres!<\/h3>\n<\/td>\n<\/tr>\n<\/tbody>\n<\/table>\n<h4>&nbsp;<\/h4>\n","protected":false},"excerpt":{"rendered":"<p>\u00ab Les Cahiers Buissonniers \u00bb est une petite \u00e9dition cr\u00e9e par Pascale Joannard, animatrice de l\u2019atelier. Elle met en lumi\u00e8re les productions les plus int\u00e9ressants r\u00e9alis\u00e9es \u00e0 l\u2019atelier et d\u2019en garder une trace. \u00ab Les cahiers Buissonniers \u00bb sont con\u00e7us pour \u00eatre lus \u00e0 quatre mains, conjointement, parents et enfants. Les cr\u00e9ations peuvent \u00eatre facilement&hellip; <br \/> <a class=\"read-more\" href=\"https:\/\/www.lezards-buissonniers.fr\/BDU\/nos-publications\/cahiers-buissonniers\/\">Lire la suite<\/a><\/p>\n","protected":false},"author":2,"featured_media":0,"parent":3207,"menu_order":0,"comment_status":"closed","ping_status":"closed","template":"","meta":{"_lmt_disableupdate":"no","_lmt_disable":"","ngg_post_thumbnail":0,"footnotes":""},"tags":[],"class_list":["post-5386","page","type-page","status-publish","hentry"],"_links":{"self":[{"href":"https:\/\/www.lezards-buissonniers.fr\/BDU\/wp-json\/wp\/v2\/pages\/5386","targetHints":{"allow":["GET"]}}],"collection":[{"href":"https:\/\/www.lezards-buissonniers.fr\/BDU\/wp-json\/wp\/v2\/pages"}],"about":[{"href":"https:\/\/www.lezards-buissonniers.fr\/BDU\/wp-json\/wp\/v2\/types\/page"}],"author":[{"embeddable":true,"href":"https:\/\/www.lezards-buissonniers.fr\/BDU\/wp-json\/wp\/v2\/users\/2"}],"replies":[{"embeddable":true,"href":"https:\/\/www.lezards-buissonniers.fr\/BDU\/wp-json\/wp\/v2\/comments?post=5386"}],"version-history":[{"count":11,"href":"https:\/\/www.lezards-buissonniers.fr\/BDU\/wp-json\/wp\/v2\/pages\/5386\/revisions"}],"predecessor-version":[{"id":6000,"href":"https:\/\/www.lezards-buissonniers.fr\/BDU\/wp-json\/wp\/v2\/pages\/5386\/revisions\/6000"}],"up":[{"embeddable":true,"href":"https:\/\/www.lezards-buissonniers.fr\/BDU\/wp-json\/wp\/v2\/pages\/3207"}],"wp:attachment":[{"href":"https:\/\/www.lezards-buissonniers.fr\/BDU\/wp-json\/wp\/v2\/media?parent=5386"}],"wp:term":[{"taxonomy":"post_tag","embeddable":true,"href":"https:\/\/www.lezards-buissonniers.fr\/BDU\/wp-json\/wp\/v2\/tags?post=5386"}],"curies":[{"name":"wp","href":"https:\/\/api.w.org\/{rel}","templated":true}]}}