{"id":4256,"date":"2022-01-06T16:15:57","date_gmt":"2022-01-06T15:15:57","guid":{"rendered":"https:\/\/www.lezards-buissonniers.fr\/BDU\/?page_id=4256"},"modified":"2023-11-09T15:03:54","modified_gmt":"2023-11-09T14:03:54","slug":"seminaires","status":"publish","type":"page","link":"https:\/\/www.lezards-buissonniers.fr\/BDU\/nos-publications\/seminaires\/","title":{"rendered":"S\u00e9minaires"},"content":{"rendered":"<p><img loading=\"lazy\" decoding=\"async\" class=\"aligncenter wp-image-6033\" src=\"https:\/\/www.lezards-buissonniers.fr\/BDU\/wp-content\/uploads\/2023\/11\/2e-session-2023-.jpg\" alt=\"\" width=\"567\" height=\"425\" srcset=\"https:\/\/www.lezards-buissonniers.fr\/BDU\/wp-content\/uploads\/2023\/11\/2e-session-2023-.jpg 1440w, https:\/\/www.lezards-buissonniers.fr\/BDU\/wp-content\/uploads\/2023\/11\/2e-session-2023--300x225.jpg 300w, https:\/\/www.lezards-buissonniers.fr\/BDU\/wp-content\/uploads\/2023\/11\/2e-session-2023--1024x768.jpg 1024w, https:\/\/www.lezards-buissonniers.fr\/BDU\/wp-content\/uploads\/2023\/11\/2e-session-2023--768x576.jpg 768w\" sizes=\"auto, (max-width: 567px) 100vw, 567px\" \/><\/p>\n<p>Retrouvez ci-dessous, pour informations quelques s\u00e9minaires organis\u00e9s par L\u00e9zards Buissonniers<\/p>\n<p><img loading=\"lazy\" decoding=\"async\" class=\"wp-image-6029 aligncenter\" src=\"https:\/\/www.lezards-buissonniers.fr\/BDU\/wp-content\/uploads\/2023\/09\/1e-session-2023.jpg\" alt=\"\" width=\"434\" height=\"326\" srcset=\"https:\/\/www.lezards-buissonniers.fr\/BDU\/wp-content\/uploads\/2023\/09\/1e-session-2023.jpg 1440w, https:\/\/www.lezards-buissonniers.fr\/BDU\/wp-content\/uploads\/2023\/09\/1e-session-2023-300x225.jpg 300w, https:\/\/www.lezards-buissonniers.fr\/BDU\/wp-content\/uploads\/2023\/09\/1e-session-2023-1024x768.jpg 1024w, https:\/\/www.lezards-buissonniers.fr\/BDU\/wp-content\/uploads\/2023\/09\/1e-session-2023-768x576.jpg 768w\" sizes=\"auto, (max-width: 434px) 100vw, 434px\" \/><\/p>\n<p><img loading=\"lazy\" decoding=\"async\" class=\"wp-image-5863 aligncenter\" src=\"https:\/\/www.lezards-buissonniers.fr\/BDU\/wp-content\/uploads\/2022\/08\/2022-2023-seminairerecto.jpg\" alt=\"\" width=\"435\" height=\"327\" srcset=\"https:\/\/www.lezards-buissonniers.fr\/BDU\/wp-content\/uploads\/2022\/08\/2022-2023-seminairerecto.jpg 1440w, https:\/\/www.lezards-buissonniers.fr\/BDU\/wp-content\/uploads\/2022\/08\/2022-2023-seminairerecto-300x225.jpg 300w, https:\/\/www.lezards-buissonniers.fr\/BDU\/wp-content\/uploads\/2022\/08\/2022-2023-seminairerecto-1024x768.jpg 1024w, https:\/\/www.lezards-buissonniers.fr\/BDU\/wp-content\/uploads\/2022\/08\/2022-2023-seminairerecto-768x576.jpg 768w\" sizes=\"auto, (max-width: 435px) 100vw, 435px\" \/><\/p>\n<p>&nbsp;<\/p>\n<p>&nbsp;<\/p>\n<p><img loading=\"lazy\" decoding=\"async\" class=\"wp-image-5954 aligncenter\" src=\"https:\/\/www.lezards-buissonniers.fr\/BDU\/wp-content\/uploads\/2023\/04\/3e-session-2023.jpg\" alt=\"\" width=\"408\" height=\"306\" srcset=\"https:\/\/www.lezards-buissonniers.fr\/BDU\/wp-content\/uploads\/2023\/04\/3e-session-2023.jpg 1440w, https:\/\/www.lezards-buissonniers.fr\/BDU\/wp-content\/uploads\/2023\/04\/3e-session-2023-300x225.jpg 300w, https:\/\/www.lezards-buissonniers.fr\/BDU\/wp-content\/uploads\/2023\/04\/3e-session-2023-1024x768.jpg 1024w, https:\/\/www.lezards-buissonniers.fr\/BDU\/wp-content\/uploads\/2023\/04\/3e-session-2023-768x576.jpg 768w\" sizes=\"auto, (max-width: 408px) 100vw, 408px\" \/><\/p>\n<p><span class=\"pcp-shortcode-selectable\"><img loading=\"lazy\" decoding=\"async\" class=\"wp-image-4369 aligncenter\" src=\"https:\/\/www.lezards-buissonniers.fr\/BDU\/wp-content\/uploads\/2022\/01\/SEMINAIRE-01-22.jpg\" alt=\"\" width=\"406\" height=\"304\" srcset=\"https:\/\/www.lezards-buissonniers.fr\/BDU\/wp-content\/uploads\/2022\/01\/SEMINAIRE-01-22.jpg 1440w, https:\/\/www.lezards-buissonniers.fr\/BDU\/wp-content\/uploads\/2022\/01\/SEMINAIRE-01-22-300x225.jpg 300w, https:\/\/www.lezards-buissonniers.fr\/BDU\/wp-content\/uploads\/2022\/01\/SEMINAIRE-01-22-1024x768.jpg 1024w, https:\/\/www.lezards-buissonniers.fr\/BDU\/wp-content\/uploads\/2022\/01\/SEMINAIRE-01-22-768x576.jpg 768w\" sizes=\"auto, (max-width: 406px) 100vw, 406px\" \/><img loading=\"lazy\" decoding=\"async\" class=\"wp-image-5673 aligncenter\" style=\"background-color: transparent;\" src=\"https:\/\/www.lezards-buissonniers.fr\/BDU\/wp-content\/uploads\/2022\/02\/3e-seminaire-poils-1.jpg\" alt=\"\" width=\"406\" height=\"305\" srcset=\"https:\/\/www.lezards-buissonniers.fr\/BDU\/wp-content\/uploads\/2022\/02\/3e-seminaire-poils-1.jpg 1440w, https:\/\/www.lezards-buissonniers.fr\/BDU\/wp-content\/uploads\/2022\/02\/3e-seminaire-poils-1-300x225.jpg 300w, https:\/\/www.lezards-buissonniers.fr\/BDU\/wp-content\/uploads\/2022\/02\/3e-seminaire-poils-1-1024x768.jpg 1024w, https:\/\/www.lezards-buissonniers.fr\/BDU\/wp-content\/uploads\/2022\/02\/3e-seminaire-poils-1-768x576.jpg 768w\" sizes=\"auto, (max-width: 406px) 100vw, 406px\" \/><img loading=\"lazy\" decoding=\"async\" class=\"wp-image-2408 aligncenter\" src=\"https:\/\/www.lezards-buissonniers.fr\/BDU\/wp-content\/uploads\/2010\/11\/visuel1erseminaire.jpg\" alt=\"\" width=\"390\" height=\"293\" srcset=\"https:\/\/www.lezards-buissonniers.fr\/BDU\/wp-content\/uploads\/2010\/11\/visuel1erseminaire.jpg 1440w, https:\/\/www.lezards-buissonniers.fr\/BDU\/wp-content\/uploads\/2010\/11\/visuel1erseminaire-300x225.jpg 300w, https:\/\/www.lezards-buissonniers.fr\/BDU\/wp-content\/uploads\/2010\/11\/visuel1erseminaire-1024x768.jpg 1024w, https:\/\/www.lezards-buissonniers.fr\/BDU\/wp-content\/uploads\/2010\/11\/visuel1erseminaire-768x576.jpg 768w\" sizes=\"auto, (max-width: 390px) 100vw, 390px\" \/><\/span><\/p>\n","protected":false},"excerpt":{"rendered":"<p>Retrouvez ci-dessous, pour informations quelques s\u00e9minaires organis\u00e9s par L\u00e9zards Buissonniers &nbsp; &nbsp;<\/p>\n","protected":false},"author":2,"featured_media":0,"parent":3207,"menu_order":0,"comment_status":"closed","ping_status":"closed","template":"","meta":{"_lmt_disableupdate":"no","_lmt_disable":"","ngg_post_thumbnail":0,"footnotes":""},"tags":[],"class_list":["post-4256","page","type-page","status-publish","hentry"],"_links":{"self":[{"href":"https:\/\/www.lezards-buissonniers.fr\/BDU\/wp-json\/wp\/v2\/pages\/4256","targetHints":{"allow":["GET"]}}],"collection":[{"href":"https:\/\/www.lezards-buissonniers.fr\/BDU\/wp-json\/wp\/v2\/pages"}],"about":[{"href":"https:\/\/www.lezards-buissonniers.fr\/BDU\/wp-json\/wp\/v2\/types\/page"}],"author":[{"embeddable":true,"href":"https:\/\/www.lezards-buissonniers.fr\/BDU\/wp-json\/wp\/v2\/users\/2"}],"replies":[{"embeddable":true,"href":"https:\/\/www.lezards-buissonniers.fr\/BDU\/wp-json\/wp\/v2\/comments?post=4256"}],"version-history":[{"count":14,"href":"https:\/\/www.lezards-buissonniers.fr\/BDU\/wp-json\/wp\/v2\/pages\/4256\/revisions"}],"predecessor-version":[{"id":6044,"href":"https:\/\/www.lezards-buissonniers.fr\/BDU\/wp-json\/wp\/v2\/pages\/4256\/revisions\/6044"}],"up":[{"embeddable":true,"href":"https:\/\/www.lezards-buissonniers.fr\/BDU\/wp-json\/wp\/v2\/pages\/3207"}],"wp:attachment":[{"href":"https:\/\/www.lezards-buissonniers.fr\/BDU\/wp-json\/wp\/v2\/media?parent=4256"}],"wp:term":[{"taxonomy":"post_tag","embeddable":true,"href":"https:\/\/www.lezards-buissonniers.fr\/BDU\/wp-json\/wp\/v2\/tags?post=4256"}],"curies":[{"name":"wp","href":"https:\/\/api.w.org\/{rel}","templated":true}]}}