{"id":384,"date":"2017-11-10T14:08:51","date_gmt":"2017-11-10T14:08:51","guid":{"rendered":"http:\/\/tag_link_site_url\/mesmerize\/"},"modified":"2025-01-06T17:47:08","modified_gmt":"2025-01-06T16:47:08","slug":"mesmerize","status":"publish","type":"page","link":"https:\/\/www.lezards-buissonniers.fr\/BDU\/","title":{"rendered":"Accueil"},"content":{"rendered":"<div  data-label=\"About\" data-id=\"about--2\" data-export-id=\"about-1\" data-category=\"about\" class=\"about-1 content-section\" id=\"about-2\" style=\"background-color: rgb(245, 250, 253);\"><div  class=\"gridContainer\"> <div  class=\"row text-center\"><div  class=\"section-title-col\" data-type=\"column\">  <h2  class=\"\">Des cahiers buissonniers<\/h2> <p  class=\"lead\">Pour un cadeau appr\u00e9ci\u00e9 par les enfants et les parents: pensez \u00e0 offrir un cahier buissonnier !<\/p><\/div> <\/div> <div  class=\"row\"> <div  class=\"button-holder space-bottom space-bottom-small\" data-type=\"column\"> <a  class=\"button color1\" href=\"https:\/\/www.helloasso.com\/associations\/ateliers-lezards-buissonniers\/boutiques\/cahiers-buissonniers\" target=\"_blank\" data-cp-link=\"1\" rel=\"noopener\">+d\u2019info &amp; commande, c\u2019est ICI !<\/a><\/div> <div  class=\"col-xs bottom-xs flexbox image-group-bottom-3-img space-bottom-xs center-xs\"> <img  decoding=\"async\" class=\"left-img shadow-large-black\" data-size=\"500x300\" src=\"https:\/\/www.lezards-buissonniers.fr\/BDU\/wp-content\/uploads\/2021\/10\/cropped-cahier-buissonnier-2-1.jpg\" title=\"cropped-cahier-buissonnier-2-1.jpg\" alt=\"\"> <img  decoding=\"async\" class=\"center-img shadow-large-black\" data-size=\"500x300\" src=\"https:\/\/www.lezards-buissonniers.fr\/BDU\/wp-content\/uploads\/2022\/03\/cropped-cahiers_buissonniers_4.jpg\" title=\"cropped-cahiers_buissonniers_4.jpg\" alt=\"\"> <img  decoding=\"async\" class=\"right-img shadow-large-black\" data-size=\"500x300\" src=\"https:\/\/www.lezards-buissonniers.fr\/BDU\/wp-content\/uploads\/2021\/12\/cropped-CAHIERS-BUISSONNIERS-1-COUVERTURE-scaled-1.jpg\" title=\"CAHIERS-BUISSONNIERS-1-COUVERTURE\" alt=\"\"><\/div> <\/div><\/div> <\/div><div  data-label=\"Features\" data-id=\"features--4\" data-export-id=\"features-16\" data-category=\"features\" class=\"features-16 content-section content-section-spacing\" id=\"features-7\" style=\"background-color: rgb(255, 255, 255); background-image: none;\"><div  class=\"gridContainer\"> <div  class=\"row text-center\"><div  class=\"section-title-col\" data-type=\"column\"> <h2  class=\"\">Les ateliers L\u00e9zards Buissonniers\n<\/h2> <p  class=\"lead\">Ces ateliers sont engag\u00e9s depuis plusieurs ann\u00e9es\n<br >dans le d\u00e9veloppement de la culture artistique pour tous les enfants. \n\n<br >Ils sont proches dans leur philosophie de l\u2019\u00c9ducation Populaire.<\/p><\/div> <\/div> <div  class=\"row spaced-cols\" data-type=\"row\"> <div  class=\"col-xs-12 col-sm-6 col-md-4 space-bottom\"> <a  data-cp-link=\"1\" href=\"https:\/\/www.lezards-buissonniers.fr\/BDU\/ateliers-du-soir-et-du-mercredi\" target=\"_self\" rel=\"noopener\"><img  decoding=\"async\" class=\"face\" src=\"https:\/\/www.lezards-buissonniers.fr\/BDU\/wp-content\/uploads\/2022\/01\/atelier2-scaled.jpg\" title=\"cropped-s-minaire-c-ramique_595.jpg\" alt=\"\"><\/a> <div  data-type=\"column\" class=\"col-padding-small col-padding-small-xs description-container\"> <h4  class=\"font-500\">Ateliers du mercredi<\/h4> <p  class=\"\">Ateliers th\u00e9matiques li\u00e9s \u00e0 l\u2019actualit\u00e9 artistique, visites d\u2019exposition et du quartier, pr\u00e9paration d\u2019exposition en cours d\u2019ann\u00e9e. Observation du travail des artistes.<\/p> <a  class=\"read-more\" href=\"https:\/\/www.lezards-buissonniers.fr\/BDU\/ateliers-du-soir-et-du-mercredi\" target=\"_self\" data-cp-link=\"1\" rel=\"noopener\">En savoir plus \u2026<\/a><\/div> <\/div> <div  class=\"col-xs-12 col-sm-6 col-md-4 space-bottom\"> <a  data-cp-link=\"1\" href=\"https:\/\/www.lezards-buissonniers.fr\/BDU\/petits-seminaires\" target=\"_self\" rel=\"noopener\"><img  decoding=\"async\" class=\"face\" src=\"https:\/\/www.lezards-buissonniers.fr\/BDU\/wp-content\/uploads\/2022\/01\/06-petits-seminaires-accueil-b.png\" title=\"cropped-c-ramique_595-1.jpg\" alt=\"\"><\/a> <div  data-type=\"column\" class=\"col-padding-small col-padding-small-xs description-container\"> <h4  class=\"font-500\">Petits s\u00e9minaires<\/h4> <p  class=\"\">Des s\u00e9minaires de c\u00e9ramiques sont propos\u00e9s pendant l\u2019ann\u00e9e sous forme de stages. travail complet en c\u00e9ramique&nbsp;: modelage, cuisson, \u00e9maillage et patinage.\n<\/p> <a  class=\"read-more\" href=\"https:\/\/www.lezards-buissonniers.fr\/BDU\/petits-seminaires\" target=\"_self\" data-cp-link=\"1\" rel=\"noopener\">En savoir plus \u2026<\/a><\/div> <\/div> <div  class=\"col-xs-12 col-sm-6 col-md-4 space-bottom\"> <a  data-cp-link=\"1\" href=\"https:\/\/www.lezards-buissonniers.fr\/BDU\/exposition-a-latelier\" target=\"_self\" rel=\"noopener\"><img  decoding=\"async\" class=\"face\" src=\"https:\/\/www.lezards-buissonniers.fr\/BDU\/wp-content\/uploads\/2021\/11\/cropped-vernissages_595.jpg\" title=\"cropped-vernissages_595.jpg\" alt=\"\"><\/a> <div  data-type=\"column\" class=\"col-padding-small col-padding-small-xs description-container\"> <h4  class=\"font-500\">Exposition \u00e0 l\u2019atelier<\/h4> <p  class=\"\">Un ou une artiste est invit\u00e9 \u00e0 exposer avec les enfants sur un th\u00e8me commun. Le vernissage est un moment convivial d\u2019\u00e9change qui permet la confrontation des productions des uns et des autres.\n<\/p> <a  class=\"read-more\" href=\"https:\/\/www.lezards-buissonniers.fr\/BDU\/exposition-a-latelier\" target=\"_self\" data-cp-link=\"1\" rel=\"noopener\">En savoir plus \u2026<\/a><\/div> <\/div><div  class=\"col-xs-12 col-sm-6 col-md-4 space-bottom\"> <a  data-cp-link=\"1\" href=\"https:\/\/www.lezards-buissonniers.fr\/BDU\/stages-de-vacances\" target=\"_self\" rel=\"noopener\"><img  decoding=\"async\" class=\"face\" src=\"https:\/\/www.lezards-buissonniers.fr\/BDU\/wp-content\/uploads\/2021\/11\/cropped-20211026_113932_595.jpg\" title=\"cropped-20211026_113932_595.jpg\" alt=\"\"><\/a> <div  data-type=\"column\" class=\"col-padding-small col-padding-small-xs description-container\"> <h4  class=\"font-500\">Stages de vacances<\/h4> <p  class=\"\">Trois demies-journ\u00e9es lundi et mardi de la premi\u00e8re semaine des petites vacances scolaires\n<\/p> <a  class=\"read-more\" href=\"https:\/\/www.lezards-buissonniers.fr\/BDU\/stages-de-vacances\" target=\"_self\" data-cp-link=\"1\" rel=\"noopener\">En savoir plus \u2026<\/a><\/div> <\/div><div  class=\"col-xs-12 col-sm-6 col-md-4 space-bottom\"> <a  data-cp-link=\"1\" href=\"https:\/\/www.lezards-buissonniers.fr\/BDU\/visites-exterieures\" target=\"_self\" rel=\"noopener\"><img  decoding=\"async\" class=\"face\" src=\"https:\/\/www.lezards-buissonniers.fr\/BDU\/wp-content\/uploads\/2021\/12\/visite-expositions.jpg\" title=\"cropped-cropped-croix-rousse-escaliers.png\" alt=\"\"><\/a> <div  data-type=\"column\" class=\"col-padding-small col-padding-small-xs description-container\"> <h4  class=\"font-500\">Visites ext\u00e9rieures<\/h4> <p  class=\"\">Visites de mus\u00e9es, d\u2019exposition et espaces ext\u00e9rieurs de la ville le mercredi.\n<\/p> <a  class=\"read-more\" href=\"https:\/\/www.lezards-buissonniers.fr\/BDU\/visites-exterieures\" target=\"_self\" data-cp-link=\"1\" rel=\"noopener\">En savoir plus \u2026<\/a><\/div> <\/div><div  class=\"col-xs-12 col-sm-6 col-md-4 space-bottom\"> <a  data-cp-link=\"1\" href=\"https:\/\/www.lezards-buissonniers.fr\/BDU\/interventions-exterieures\" target=\"_self\" rel=\"noopener\"><img  decoding=\"async\" class=\"face\" src=\"https:\/\/www.lezards-buissonniers.fr\/BDU\/wp-content\/uploads\/2022\/01\/cropped-cropped-Atelier-exterieur-e1642935926435.jpg\" title=\"cropped-cailloux-1-scaled-1.jpg\" alt=\"\"><\/a> <div  data-type=\"column\" class=\"col-padding-small col-padding-small-xs description-container\"> <h4  class=\"font-500\">Interventions ext\u00e9rieures<\/h4> <p  class=\"\">Pascale Joannard peut intervenir dans votre structure (centres sociaux \u00e9coles m\u00e9diatheques\u2026) en mettant en place des ateliers r\u00e9pondant \u00e0 vos objectifs\n<br ><br >\n<br >Contact : <a  href=\"mailto:pascale.joannard@gmail.com\">pascale.joannard@gmail.com<\/a><\/p> <a  class=\"read-more\" href=\"https:\/\/www.lezards-buissonniers.fr\/BDU\/interventions-exterieures\" target=\"_self\" data-cp-link=\"1\" rel=\"noopener\">En savoir plus \u2026<\/a><\/div> <\/div><\/div> <\/div><\/div><div  id=\"cta-1\" data-label=\"Cta\" data-id=\"cta-blue-section\" data-export-id=\"cta-blue-section\" data-category=\"cta\" class=\"cta-blue-section content-section content-section-spacing-medium bg-color1 white-text\">\n<div  class=\"gridContainer\">\n<div  class=\"row middle-xs\">\n<div  class=\"col-sm-8 space-bottom-xs\" data-type=\"column\">\n<h2  class=\"\">Int\u00e9ress\u00e9s ?<span  class=\"font-300\"><\/span><\/h2>\n<\/div>\n<div  class=\"col-sm-4 end-sm\" data-type=\"column\"><a  class=\"button color2\" href=\"https:\/\/www.lezards-buissonniers.fr\/BDU\/tarifs-ateliers-seminaires-et-stages\" target=\"_self\" data-cp-link=\"1\" rel=\"noopener\"> Tarifs, inscription \u2026 <\/a><\/div>\n<\/div>\n<\/div>\n<\/div><div  data-label=\"Counters\" data-id=\"counters--1\" data-export-id=\"counters-2\" data-category=\"counters\" class=\"counters-2 content-section content-section-spacing\" id=\"counters-1\" style=\"background-color: rgb(255, 255, 255); background-image: none;\"><div  class=\"gridContainer\"> <div  class=\"row text-center\"><div  class=\"section-title-col\" data-type=\"column\"> <h2  class=\"\">\u00c0 propos de<br >\n<\/h2> <\/div> <\/div> <div  class=\"row\" data-type=\"row\"> <div  class=\"col-xs-12 col-sm-4 text-center space-bottom col-md-3\"> <a  data-cp-link=\"1\" href=\"https:\/\/www.lezards-buissonniers.fr\/BDU\/programmes\" class=\"\" target=\"_self\" rel=\"noopener\"><i  class=\"fa icon color1 fa-leanpub reverse round large\"><\/i><\/a>  <h5  class=\"upper color2\">NOS Programmes<\/h5><a  class=\"link\" href=\"https:\/\/www.lezards-buissonniers.fr\/BDU\/programmes\" target=\"_self\" data-cp-link=\"1\" rel=\"noopener\">En savoir plus<\/a><\/div> <div  class=\"col-xs-12 col-sm-4 text-center space-bottom col-md-3\"><a  data-cp-link=\"1\" href=\"https:\/\/www.lezards-buissonniers.fr\/BDU\/publications\/stages\" class=\"\" target=\"_self\" rel=\"noopener\"><i  class=\"fa icon color1 fa-gears reverse round large\"><\/i><\/a>  <h5  class=\"upper color2\">nos stages<\/h5><a  class=\"link\" href=\"https:\/\/www.lezards-buissonniers.fr\/BDU\/publications\/stages\" target=\"_self\" data-cp-link=\"1\" rel=\"noopener\">En savoir plus<\/a><\/div> <div  class=\"col-xs-12 col-sm-4 text-center space-bottom col-md-3\"><a  data-cp-link=\"1\" href=\"https:\/\/www.lezards-buissonniers.fr\/BDU\/publications\/seminaires\" class=\"\" target=\"_self\" rel=\"noopener\"><i  class=\"fa icon color1 fa-users reverse round large\"><\/i><\/a>  <h5  class=\"upper color2\">nos s\u00c9minaires<\/h5><a  class=\"link\" href=\"https:\/\/www.lezards-buissonniers.fr\/BDU\/publications\/seminaires\" target=\"_self\" data-cp-link=\"1\" rel=\"noopener\">En savoir plus<\/a><\/div> <div  class=\"col-xs-12 col-sm-4 text-center space-bottom col-md-3\"> <a  data-cp-link=\"1\" href=\"https:\/\/www.lezards-buissonniers.fr\/BDU\/nos-publications\/expos\" class=\"\" target=\"_self\" rel=\"noopener\"><i  class=\"fa icon color1 fa-object-group reverse round large\"><\/i><\/a>  <h5  class=\"upper color2\">nos expos<\/h5><a  class=\"link\" href=\"https:\/\/www.lezards-buissonniers.fr\/BDU\/publications\/expos\" target=\"_self\" data-cp-link=\"1\" rel=\"noopener\">En savoir plus<\/a><\/div><\/div><\/div> <\/div>","protected":false},"excerpt":{"rendered":"<p>Des cahiers buissonniers Pour un cadeau appr\u00e9ci\u00e9 par les enfants et les parents: pensez \u00e0 offrir un cahier buissonnier ! +d\u2019info &amp; commande, c\u2019est ICI ! Les ateliers L\u00e9zards Buissonniers Ces ateliers sont engag\u00e9s depuis plusieurs ann\u00e9es dans le d\u00e9veloppement de la culture artistique pour tous les enfants. Ils sont proches dans leur philosophie de&hellip; <br \/> <a class=\"read-more\" href=\"https:\/\/www.lezards-buissonniers.fr\/BDU\/\">Lire la suite<\/a><\/p>\n","protected":false},"author":2,"featured_media":0,"parent":0,"menu_order":0,"comment_status":"closed","ping_status":"closed","template":"page-templates\/homepage.php","meta":{"_lmt_disableupdate":"no","_lmt_disable":"","ngg_post_thumbnail":0,"footnotes":""},"tags":[],"class_list":["post-384","page","type-page","status-publish","hentry"],"_links":{"self":[{"href":"https:\/\/www.lezards-buissonniers.fr\/BDU\/wp-json\/wp\/v2\/pages\/384","targetHints":{"allow":["GET"]}}],"collection":[{"href":"https:\/\/www.lezards-buissonniers.fr\/BDU\/wp-json\/wp\/v2\/pages"}],"about":[{"href":"https:\/\/www.lezards-buissonniers.fr\/BDU\/wp-json\/wp\/v2\/types\/page"}],"author":[{"embeddable":true,"href":"https:\/\/www.lezards-buissonniers.fr\/BDU\/wp-json\/wp\/v2\/users\/2"}],"replies":[{"embeddable":true,"href":"https:\/\/www.lezards-buissonniers.fr\/BDU\/wp-json\/wp\/v2\/comments?post=384"}],"version-history":[{"count":101,"href":"https:\/\/www.lezards-buissonniers.fr\/BDU\/wp-json\/wp\/v2\/pages\/384\/revisions"}],"predecessor-version":[{"id":6096,"href":"https:\/\/www.lezards-buissonniers.fr\/BDU\/wp-json\/wp\/v2\/pages\/384\/revisions\/6096"}],"wp:attachment":[{"href":"https:\/\/www.lezards-buissonniers.fr\/BDU\/wp-json\/wp\/v2\/media?parent=384"}],"wp:term":[{"taxonomy":"post_tag","embeddable":true,"href":"https:\/\/www.lezards-buissonniers.fr\/BDU\/wp-json\/wp\/v2\/tags?post=384"}],"curies":[{"name":"wp","href":"https:\/\/api.w.org\/{rel}","templated":true}]}}