{"id":3229,"date":"2021-11-23T17:23:53","date_gmt":"2021-11-23T16:23:53","guid":{"rendered":"https:\/\/www.lezards-buissonniers.fr\/BDU\/?page_id=3229"},"modified":"2023-07-04T15:10:44","modified_gmt":"2023-07-04T13:10:44","slug":"inscription","status":"publish","type":"page","link":"https:\/\/www.lezards-buissonniers.fr\/BDU\/inscription\/","title":{"rendered":"Inscription"},"content":{"rendered":"<h4 style=\"text-align: left;\">Pour toute inscription, merci de contacter Pascale:<\/h4>\n<p>Privil\u00e9giez l&rsquo;envoi d&rsquo;un mail : pascale.joannard@free.fr<\/p>\n<p>Pour chaque enfant concern\u00e9, merci de pr\u00e9ciser:<\/p>\n<ul>\n<li>Pr\u00e9nom<\/li>\n<li>\u00c2ge<\/li>\n<li>L&rsquo;atelier ou l&rsquo;activit\u00e9 choisi<\/li>\n<\/ul>\n<p>Pascale vous confirmera la prise en compte de l&rsquo;inscription par retour de mail.&nbsp;Le r\u00e8glement pourra se faire lors du premier atelier (par ch\u00e8que). Vous pouvez \u00e9galement payer en ligne: voir la page \u00ab\u00a0<a href=\"https:\/\/www.lezards-buissonniers.fr\/BDU\/tarifs-ateliers-seminaires-et-stages\/\">Tarifs<\/a>&#8230;\u00a0\u00bb sur ce site.<\/p>\n<p>Si vous avez une question, vous pouvez \u00e9galement joindre Pascale au 0618315444.<\/p>\n<p><strong>MERCI !<\/strong><\/p>\n","protected":false},"excerpt":{"rendered":"<p>Pour toute inscription, merci de contacter Pascale: Privil\u00e9giez l&rsquo;envoi d&rsquo;un mail : pascale.joannard@free.fr Pour chaque enfant concern\u00e9, merci de pr\u00e9ciser: Pr\u00e9nom \u00c2ge L&rsquo;atelier ou l&rsquo;activit\u00e9 choisi Pascale vous confirmera la prise en compte de l&rsquo;inscription par retour de mail.&nbsp;Le r\u00e8glement pourra se faire lors du premier atelier (par ch\u00e8que). Vous pouvez \u00e9galement payer en ligne:&hellip; <br \/> <a class=\"read-more\" href=\"https:\/\/www.lezards-buissonniers.fr\/BDU\/inscription\/\">Lire la suite<\/a><\/p>\n","protected":false},"author":2,"featured_media":0,"parent":0,"menu_order":0,"comment_status":"closed","ping_status":"closed","template":"","meta":{"_lmt_disableupdate":"no","_lmt_disable":"","ngg_post_thumbnail":0,"footnotes":""},"tags":[],"class_list":["post-3229","page","type-page","status-publish","hentry"],"_links":{"self":[{"href":"https:\/\/www.lezards-buissonniers.fr\/BDU\/wp-json\/wp\/v2\/pages\/3229","targetHints":{"allow":["GET"]}}],"collection":[{"href":"https:\/\/www.lezards-buissonniers.fr\/BDU\/wp-json\/wp\/v2\/pages"}],"about":[{"href":"https:\/\/www.lezards-buissonniers.fr\/BDU\/wp-json\/wp\/v2\/types\/page"}],"author":[{"embeddable":true,"href":"https:\/\/www.lezards-buissonniers.fr\/BDU\/wp-json\/wp\/v2\/users\/2"}],"replies":[{"embeddable":true,"href":"https:\/\/www.lezards-buissonniers.fr\/BDU\/wp-json\/wp\/v2\/comments?post=3229"}],"version-history":[{"count":30,"href":"https:\/\/www.lezards-buissonniers.fr\/BDU\/wp-json\/wp\/v2\/pages\/3229\/revisions"}],"predecessor-version":[{"id":5982,"href":"https:\/\/www.lezards-buissonniers.fr\/BDU\/wp-json\/wp\/v2\/pages\/3229\/revisions\/5982"}],"wp:attachment":[{"href":"https:\/\/www.lezards-buissonniers.fr\/BDU\/wp-json\/wp\/v2\/media?parent=3229"}],"wp:term":[{"taxonomy":"post_tag","embeddable":true,"href":"https:\/\/www.lezards-buissonniers.fr\/BDU\/wp-json\/wp\/v2\/tags?post=3229"}],"curies":[{"name":"wp","href":"https:\/\/api.w.org\/{rel}","templated":true}]}}