{"id":3227,"date":"2021-11-23T17:23:31","date_gmt":"2021-11-23T16:23:31","guid":{"rendered":"https:\/\/www.lezards-buissonniers.fr\/BDU\/?page_id=3227"},"modified":"2022-01-25T17:55:00","modified_gmt":"2022-01-25T16:55:00","slug":"nos-activites","status":"publish","type":"page","link":"https:\/\/www.lezards-buissonniers.fr\/BDU\/nos-activites\/","title":{"rendered":"Nous vous proposons&#8230;"},"content":{"rendered":"<ul>\n<li>\n<h4><a href=\"https:\/\/www.lezards-buissonniers.fr\/BDU\/ateliers-du-soir-et-du-mercredi\/\">Ateliers du soir et du mercredi<\/a><\/h4>\n<\/li>\n<li>\n<h4><a href=\"https:\/\/www.lezards-buissonniers.fr\/BDU\/petits-seminaires\/\">Petits s\u00e9minaires<\/a><\/h4>\n<\/li>\n<li>\n<h4><a href=\"https:\/\/www.lezards-buissonniers.fr\/BDU\/exposition-a-latelier\/\">Expositions \u00e0 l&rsquo;atelier<\/a><\/h4>\n<\/li>\n<li>\n<h4><a href=\"https:\/\/www.lezards-buissonniers.fr\/BDU\/visites-exterieures\/\">Visites ext\u00e9rieures<\/a><\/h4>\n<\/li>\n<li>\n<h4><a href=\"https:\/\/www.lezards-buissonniers.fr\/BDU\/interventions-exterieures\/\">Interventions ext\u00e9rieures<\/a><\/h4>\n<\/li>\n<li>\n<h4><a href=\"https:\/\/www.lezards-buissonniers.fr\/BDU\/stages-de-vacances\/\">Stages de vacances<\/a><\/h4>\n<\/li>\n<\/ul>\n","protected":false},"excerpt":{"rendered":"<p>Ateliers du soir et du mercredi Petits s\u00e9minaires Expositions \u00e0 l&rsquo;atelier Visites ext\u00e9rieures Interventions ext\u00e9rieures Stages de vacances<\/p>\n","protected":false},"author":2,"featured_media":0,"parent":0,"menu_order":0,"comment_status":"closed","ping_status":"closed","template":"page-templates\/page-with-right-sidebar.php","meta":{"_lmt_disableupdate":"no","_lmt_disable":"","ngg_post_thumbnail":0,"footnotes":""},"tags":[],"class_list":["post-3227","page","type-page","status-publish","hentry"],"_links":{"self":[{"href":"https:\/\/www.lezards-buissonniers.fr\/BDU\/wp-json\/wp\/v2\/pages\/3227","targetHints":{"allow":["GET"]}}],"collection":[{"href":"https:\/\/www.lezards-buissonniers.fr\/BDU\/wp-json\/wp\/v2\/pages"}],"about":[{"href":"https:\/\/www.lezards-buissonniers.fr\/BDU\/wp-json\/wp\/v2\/types\/page"}],"author":[{"embeddable":true,"href":"https:\/\/www.lezards-buissonniers.fr\/BDU\/wp-json\/wp\/v2\/users\/2"}],"replies":[{"embeddable":true,"href":"https:\/\/www.lezards-buissonniers.fr\/BDU\/wp-json\/wp\/v2\/comments?post=3227"}],"version-history":[{"count":7,"href":"https:\/\/www.lezards-buissonniers.fr\/BDU\/wp-json\/wp\/v2\/pages\/3227\/revisions"}],"predecessor-version":[{"id":5600,"href":"https:\/\/www.lezards-buissonniers.fr\/BDU\/wp-json\/wp\/v2\/pages\/3227\/revisions\/5600"}],"wp:attachment":[{"href":"https:\/\/www.lezards-buissonniers.fr\/BDU\/wp-json\/wp\/v2\/media?parent=3227"}],"wp:term":[{"taxonomy":"post_tag","embeddable":true,"href":"https:\/\/www.lezards-buissonniers.fr\/BDU\/wp-json\/wp\/v2\/tags?post=3227"}],"curies":[{"name":"wp","href":"https:\/\/api.w.org\/{rel}","templated":true}]}}