{"id":3205,"date":"2021-11-23T16:52:40","date_gmt":"2021-11-23T15:52:40","guid":{"rendered":"https:\/\/www.lezards-buissonniers.fr\/BDU\/?page_id=3205"},"modified":"2022-01-23T11:53:02","modified_gmt":"2022-01-23T10:53:02","slug":"interventions-exterieures","status":"publish","type":"page","link":"https:\/\/www.lezards-buissonniers.fr\/BDU\/interventions-exterieures\/","title":{"rendered":"Interventions ext\u00e9rieures"},"content":{"rendered":"<p>&nbsp;<\/p>\n<table style=\"border-collapse: collapse; width: 100%;\">\n<tbody>\n<tr>\n<td style=\"width: 100%;\"><img loading=\"lazy\" decoding=\"async\" class=\"aligncenter  wp-image-5551\" src=\"https:\/\/www.lezards-buissonniers.fr\/BDU\/wp-content\/uploads\/2022\/01\/Atelier-exterieur-225x300.jpg\" alt=\"\" width=\"384\" height=\"512\" srcset=\"https:\/\/www.lezards-buissonniers.fr\/BDU\/wp-content\/uploads\/2022\/01\/Atelier-exterieur-225x300.jpg 225w, https:\/\/www.lezards-buissonniers.fr\/BDU\/wp-content\/uploads\/2022\/01\/Atelier-exterieur-768x1024.jpg 768w, https:\/\/www.lezards-buissonniers.fr\/BDU\/wp-content\/uploads\/2022\/01\/Atelier-exterieur-1152x1536.jpg 1152w, https:\/\/www.lezards-buissonniers.fr\/BDU\/wp-content\/uploads\/2022\/01\/Atelier-exterieur-1024x1365.jpg 1024w, https:\/\/www.lezards-buissonniers.fr\/BDU\/wp-content\/uploads\/2022\/01\/Atelier-exterieur-810x1080.jpg 810w, https:\/\/www.lezards-buissonniers.fr\/BDU\/wp-content\/uploads\/2022\/01\/Atelier-exterieur.jpg 1536w\" sizes=\"auto, (max-width: 384px) 100vw, 384px\" \/><\/td>\n<\/tr>\n<\/tbody>\n<\/table>\n<h2 style=\"text-align: left;\">Centres sociaux, \u00c9coles, M\u00e9diath\u00e8ques\u2026<\/h2>\n<h3 style=\"text-align: left;\">Interventions<\/h3>\n<p style=\"text-align: left;\">Pascale Joannard peut intervenir dans votre structure (centres sociaux \u00e9coles m\u00e9diatheques\u2026) en mettant en place des ateliers r\u00e9pondant \u00e0 vos objectifs.<\/p>\n<p style=\"text-align: left;\">Contact&nbsp;: <a href=\"mailto:pascale.joannard@gmail.com\">pascale.joannard@gmail.com<\/a><\/p>\n<p style=\"text-align: right;\"><em>Contactez moi vite !<\/em><\/p>\n<p style=\"text-align: right;\"><em><strong>Pascale JOANNARD<\/strong><\/em><\/p>\n","protected":false},"excerpt":{"rendered":"<p>&nbsp; Centres sociaux, \u00c9coles, M\u00e9diath\u00e8ques\u2026 Interventions Pascale Joannard peut intervenir dans votre structure (centres sociaux \u00e9coles m\u00e9diatheques\u2026) en mettant en place des ateliers r\u00e9pondant \u00e0 vos objectifs. Contact&nbsp;: pascale.joannard@gmail.com Contactez moi vite ! Pascale JOANNARD<\/p>\n","protected":false},"author":2,"featured_media":0,"parent":0,"menu_order":0,"comment_status":"closed","ping_status":"closed","template":"","meta":{"_lmt_disableupdate":"no","_lmt_disable":"","ngg_post_thumbnail":0,"footnotes":""},"tags":[],"class_list":["post-3205","page","type-page","status-publish","hentry"],"_links":{"self":[{"href":"https:\/\/www.lezards-buissonniers.fr\/BDU\/wp-json\/wp\/v2\/pages\/3205","targetHints":{"allow":["GET"]}}],"collection":[{"href":"https:\/\/www.lezards-buissonniers.fr\/BDU\/wp-json\/wp\/v2\/pages"}],"about":[{"href":"https:\/\/www.lezards-buissonniers.fr\/BDU\/wp-json\/wp\/v2\/types\/page"}],"author":[{"embeddable":true,"href":"https:\/\/www.lezards-buissonniers.fr\/BDU\/wp-json\/wp\/v2\/users\/2"}],"replies":[{"embeddable":true,"href":"https:\/\/www.lezards-buissonniers.fr\/BDU\/wp-json\/wp\/v2\/comments?post=3205"}],"version-history":[{"count":11,"href":"https:\/\/www.lezards-buissonniers.fr\/BDU\/wp-json\/wp\/v2\/pages\/3205\/revisions"}],"predecessor-version":[{"id":5552,"href":"https:\/\/www.lezards-buissonniers.fr\/BDU\/wp-json\/wp\/v2\/pages\/3205\/revisions\/5552"}],"wp:attachment":[{"href":"https:\/\/www.lezards-buissonniers.fr\/BDU\/wp-json\/wp\/v2\/media?parent=3205"}],"wp:term":[{"taxonomy":"post_tag","embeddable":true,"href":"https:\/\/www.lezards-buissonniers.fr\/BDU\/wp-json\/wp\/v2\/tags?post=3205"}],"curies":[{"name":"wp","href":"https:\/\/api.w.org\/{rel}","templated":true}]}}